{"id":505,"date":"2017-02-22T10:14:51","date_gmt":"2017-02-22T01:14:51","guid":{"rendered":"https:\/\/budo-world.taiiku.tsukuba.ac.jp\/?page_id=505"},"modified":"2025-09-14T20:40:41","modified_gmt":"2025-09-14T11:40:41","slug":"%e7%a0%94%e7%a9%b6%e5%ae%a4","status":"publish","type":"page","link":"https:\/\/budo-world.taiiku.tsukuba.ac.jp\/en\/%e4%bb%a3%e8%a1%a8%e3%83%97%e3%83%ad%e3%83%95%e3%82%a3%e3%83%bc%e3%83%ab\/%e7%a0%94%e7%a9%b6%e5%ae%a4\/","title":{"rendered":"The Budo Studies Lab at the University of Tsukuba"},"content":{"rendered":"<p>\r\nThe Budo Studies Lab was established in the days when the current University of Tsukuba was Tokyo University of Education and the Department of Budo was launched to investigate \u201cthe theory and characteristics of each budo discipline in the respective classes, but ensure that fundamental and comprehensive conceptual models be researched independently\u201d.<\/p>\r\n\r\n<p>The Budo Theory course was established on April 1, 1967, within the Budo Department. \u201cBudo Theory\u201d classes were first started by Prof. \u014ctaki Tadao. In 1969, Associate Prof. Watanabe Ichir\u014d became a full-time member of staff and taught the \u201cGeneral Budo History\u201d, \u201cResearch of Budo Scrolls\u201d, and \u201cReading Budo Documents\u201d classes which shaped the formal course of study. In 1973, Nakabayashi Shinji was promoted to the position of full-time instructor and he advanced budo studies in terms of both theory and practice.<\/p>\r\n\r\n<p>In 1973, the university transitioned to a comprehensive institution of tertiary learning and research and was changed in name to the University of Tsukuba. In 1977, the Budo Department ceased along with the closure of all former Tokyo University of Education courses. The Budo Theory course was re-organised into the University of Tsukuba\u2019s Physical Education Specialisation Course in the field of Physical Education and Sports Studies. In 2013 \u201cBudo Theory\u201d was renamed \u201cBudo Studies\u201d.<\/p>\r\n<p>\r\nSince its foundation a half century ago, the Budo Studies Lab has been at the forefront of research into Japanese budo, and has continued to produce many exemplary researchers and teachers in the field.<\/p>\r\n<p>\r\nResearch into budo at the University of Tsukuba is broadly classified into two categories: history and ideology. Recently, the study of budo has incorporated \u201cTerminology Research\u201d, and is an integrated field of research and education from undergraduate to doctoral level. With the rapid globalisation seen in academia, budo studies is also seen now as a part of Japanese Studies, and is receiving considerable attention overseas. <\/p>\r\n<p>\r\nPrevious generations of preeminent professors in the department include \u014ctaki Tadao, Watanabe Ichir\u014d, Nakabayashi Shinji, Irie K\u014dhei, and T\u014dd\u014d Yoshiaki. Recently, Prof. Sakai Toshinobu and Associate Prof. \u014cishi Junko have been leading and carrying out research and educational activities.\r\n<\/p>\r\n\r\n    <table width=\"500\" border=\"0\" cellspacing=\"0\" cellpadding=\"0\">\r\n <tr>\r\n   <tr>\r\n    <td><strong><h4>The History of KENDO<\/h4><\/strong>\r\n<a href=\"https:\/\/budo-world.taiiku.tsukuba.ac.jp\/wp-content\/uploads\/2017\/02\/history1.pdf\" target=\"blank\">the History of KENDO (1) Prologue<\/a>\r\n<a href=\"https:\/\/budo-world.taiiku.tsukuba.ac.jp\/wp-content\/uploads\/2017\/02\/history2.pdf\" target=\"blank\">the History of KENDO (2) Kendo as a Budo<\/a>\r\n<a href=\"https:\/\/budo-world.taiiku.tsukuba.ac.jp\/wp-content\/uploads\/2017\/02\/history3.pdf\" target=\"blank\">the History of KENDO (3) The Start of Kendo History<\/a>\r\n<a href=\"https:\/\/budo-world.taiiku.tsukuba.ac.jp\/wp-content\/uploads\/2017\/02\/history4.pdf\" target=\"blank\">the History of KENDO (4) The Birth of the Japanese Sword (Nihon-t\u014d)<\/a>\r\n<a href=\"https:\/\/budo-world.taiiku.tsukuba.ac.jp\/wp-content\/uploads\/2017\/02\/history5.pdf\" target=\"blank\">the History of KENDO (5) From the Bow and Arrow to the Sword<\/a>\r\n<a href=\"https:\/\/budo-world.taiiku.tsukuba.ac.jp\/wp-content\/uploads\/2017\/02\/history6.pdf\" target=\"blank\">the History of KENDO (6) The Age of the Sword Masters\u2014Tsukahara Bokuden<\/a>\r\n<a href=\"https:\/\/budo-world.taiiku.tsukuba.ac.jp\/wp-content\/uploads\/2017\/02\/history7.pdf\" target=\"blank\">the History of KENDO (7) The Age of the Sword Masters\u2014Miyamoto Musashi<\/a>\r\n<a href=\"https:\/\/budo-world.taiiku.tsukuba.ac.jp\/wp-content\/uploads\/2017\/02\/history8.pdf\" target=\"blank\">the History of KENDO (8) The Creation of Martial Schools<\/a>\r\n<a href=\"https:\/\/budo-world.taiiku.tsukuba.ac.jp\/wp-content\/uploads\/2017\/02\/history9.pdf\" target=\"blank\">the History of KENDO (9) The Three Great Kenjutsu Ry\u016bha and their Streams<\/a>\r\n<a href=\"https:\/\/budo-world.taiiku.tsukuba.ac.jp\/wp-content\/uploads\/2017\/02\/history10.pdf\" target=\"blank\">the History of KENDO (10) The Development of <em>Kenjutsu<\/em> Theory<\/a>\r\n<a href=\"https:\/\/budo-world.taiiku.tsukuba.ac.jp\/wp-content\/uploads\/2017\/02\/history11.pdf\" target=\"blank\">the History of KENDO (11) The Origins of Fencing with Shinai<\/a>\r\n<a href=\"https:\/\/budo-world.taiiku.tsukuba.ac.jp\/wp-content\/uploads\/2017\/02\/history12.pdf\" target=\"blank\">the History of KENDO (12) The Rise of New Schools and the Three Great D\u014dj\u014d of Edo<\/a>\r\n<a href=\"https:\/\/budo-world.taiiku.tsukuba.ac.jp\/wp-content\/uploads\/2017\/02\/history13.pdf\" target=\"blank\">the History of KENDO (13) Kenjutsu of the Nineteenth Century<\/a>\r\n<a href=\"https:\/\/budo-world.taiiku.tsukuba.ac.jp\/wp-content\/uploads\/2017\/02\/history14.pdf\" target=\"blank\">the History of KENDO (14) The Modern Period<\/a>\r\n<a href=\"https:\/\/budo-world.taiiku.tsukuba.ac.jp\/wp-content\/uploads\/2017\/02\/history15.pdf\" target=\"blank\">the History of KENDO (15) The Development of Modern Kendo<\/a>\r\n<a href=\"https:\/\/budo-world.taiiku.tsukuba.ac.jp\/wp-content\/uploads\/2017\/02\/history16.pdf\" target=\"blank\">the History of KENDO (16) Kendo in the Sh\u014dwa Period (1926\u20121989)<\/a>\r\n<a href=\"https:\/\/budo-world.taiiku.tsukuba.ac.jp\/wp-content\/uploads\/2017\/02\/history17.pdf\" target=\"blank\">the History of KENDO (17) Kendo\u2019s Current Situation and Globalization<\/a>\r\n<a href=\"https:\/\/budo-world.taiiku.tsukuba.ac.jp\/wp-content\/uploads\/2017\/02\/history18.pdf\" target=\"blank\">the History of KENDO (18) Sword Ideologies: The Origins<\/a>\r\n<a href=\"https:\/\/budo-world.taiiku.tsukuba.ac.jp\/wp-content\/uploads\/2017\/02\/history19.pdf\" target=\"blank\">the History of KENDO (19) Sword Ideologies Part 2: Sacred Swords in Mythology<\/a>\r\n<a href=\"https:\/\/budo-world.taiiku.tsukuba.ac.jp\/wp-content\/uploads\/2017\/02\/history20.pdf\" target=\"blank\">the History of KENDO (20) Sword Ideologies Part 3: Kusnanagi-no-Tsurugi and the Imperial Regalia<\/a>\r\n<a href=\"https:\/\/budo-world.taiiku.tsukuba.ac.jp\/wp-content\/uploads\/2017\/02\/history21.pdf\" target=\"blank\">the History of KENDO (21) Sword Ideologies Part 4: Swords for Cutting the Self and Others<\/a>\r\n<a href=\"https:\/\/budo-world.taiiku.tsukuba.ac.jp\/wp-content\/uploads\/2017\/02\/history22.pdf\" target=\"blank\">the History of KENDO (22) Ascetic Training of the Great Masters\u2500The Sanro Kaigan Legends<\/a>\r\n<a href=\"https:\/\/budo-world.taiiku.tsukuba.ac.jp\/wp-content\/uploads\/2017\/02\/history23.pdf\" target=\"blank\">the History of KENDO (23) Kenjutsu and Religion<\/a>\r\n<a href=\"https:\/\/budo-world.taiiku.tsukuba.ac.jp\/wp-content\/uploads\/2017\/02\/history24final.pdf\" target=\"blank\">the History of KENDO (24) Lifelong Kendo<\/a>\r\n<\/td>\r\n    <td>Monthly Kendo Nippon<\/td>\r\n  <\/tr>\r\n\r\n<\/table>","protected":false},"excerpt":{"rendered":"<p>The Budo Studies Lab was established in the days when the current University of Tsukuba was Tokyo University o&hellip; <\/p>\n","protected":false},"author":2,"featured_media":0,"parent":424,"menu_order":0,"comment_status":"closed","ping_status":"closed","template":"","meta":{"footnotes":""},"class_list":["post-505","page","type-page","status-publish","hentry"],"_links":{"self":[{"href":"https:\/\/budo-world.taiiku.tsukuba.ac.jp\/en\/wp-json\/wp\/v2\/pages\/505","targetHints":{"allow":["GET"]}}],"collection":[{"href":"https:\/\/budo-world.taiiku.tsukuba.ac.jp\/en\/wp-json\/wp\/v2\/pages"}],"about":[{"href":"https:\/\/budo-world.taiiku.tsukuba.ac.jp\/en\/wp-json\/wp\/v2\/types\/page"}],"author":[{"embeddable":true,"href":"https:\/\/budo-world.taiiku.tsukuba.ac.jp\/en\/wp-json\/wp\/v2\/users\/2"}],"replies":[{"embeddable":true,"href":"https:\/\/budo-world.taiiku.tsukuba.ac.jp\/en\/wp-json\/wp\/v2\/comments?post=505"}],"version-history":[{"count":24,"href":"https:\/\/budo-world.taiiku.tsukuba.ac.jp\/en\/wp-json\/wp\/v2\/pages\/505\/revisions"}],"predecessor-version":[{"id":2025,"href":"https:\/\/budo-world.taiiku.tsukuba.ac.jp\/en\/wp-json\/wp\/v2\/pages\/505\/revisions\/2025"}],"up":[{"embeddable":true,"href":"https:\/\/budo-world.taiiku.tsukuba.ac.jp\/en\/wp-json\/wp\/v2\/pages\/424"}],"wp:attachment":[{"href":"https:\/\/budo-world.taiiku.tsukuba.ac.jp\/en\/wp-json\/wp\/v2\/media?parent=505"}],"curies":[{"name":"wp","href":"https:\/\/api.w.org\/{rel}","templated":true}]}}