{"id":112,"date":"2017-02-04T16:57:31","date_gmt":"2017-02-04T07:57:31","guid":{"rendered":"https:\/\/budo-world.taiiku.tsukuba.ac.jp\/?page_id=112"},"modified":"2025-09-05T16:54:28","modified_gmt":"2025-09-05T07:54:28","slug":"budo-world%e3%81%b8%e3%82%88%e3%81%86%e3%81%93%e3%81%9d-%e3%81%94%e6%8c%a8%e6%8b%b6","status":"publish","type":"page","link":"https:\/\/budo-world.taiiku.tsukuba.ac.jp\/en\/","title":{"rendered":"Welcome to Budo World \u2014Greetings"},"content":{"rendered":"<p><div id=\"attachment_302\" style=\"width: 154px\" class=\"wp-caption alignleft\"><img loading=\"lazy\" decoding=\"async\" aria-describedby=\"caption-attachment-302\" src=\"https:\/\/budo-world.taiiku.tsukuba.ac.jp\/wp-content\/uploads\/2017\/02\/kaosyasin1.jpg\" alt=\"\" width=\"144\" height=\"145\" class=\"size-full wp-image-302\" \/><p id=\"caption-attachment-302\" class=\"wp-caption-text\">Toshinobu Sakai  (University of Tsukuba)<\/p><\/div><\/p>\n<p><em>Bud\u014d<\/em> is a traditional form of physical culture that developed in Japan. It is now practised enthusiastically by men and women of all ages throughout the world.<\/p>\n<p>The reasons why people start and continue studying <em>bud\u014d<\/em> vary. Some participate for the enjoyment of competition, others as a form of self-defence, and some because of an interest in Japanese culture. There are many enthusiasts who take up bud\u014d as a means to understand Japanese culture. When Japanese people venture overseas and visit venues where <em>bud\u014d<\/em> is being practised, they are constantly surprised at the keen interest shown by non-Japanese practitioners in the culture of <em>bud\u014d<\/em>.<\/p>\n<p>Throughout many centuries, <em>bud\u014d<\/em> has blended with various cultural influences such as faith, religion and the arts, and evolved into a profound form of physical culture that is characteristic of Japan. Because of this, <em>bud\u014d<\/em> is becoming a field of scholastic endeavour in \u201cJapanology\u201d, or Japan studies. Nevertheless, information pertaining to the cultural characteristics of <em>bud\u014d<\/em> has not been properly conveyed to the rest of the world. We often receive requests to translate some of this material, even if it is only into English, and provide accurate information to <em>bud\u014d<\/em> enthusiasts outside Japan.<\/p>\n<p>In response to requests for information from outside Japan, this website was launched in February 2012 to try and convey accurate, quality information related to bud\u014d in both Japanese and English. It is a ground-breaking trial based on the accumulated knowledge of researchers in the field.<\/p>\n<p>Now, at the time of the renewal of this website in March 2017, we are trying to further expand our activities and develop the \u201cThree Pillars\u201d that constitute the \u201cBudo World Project\u201d as outlined below.<\/p>\n<h5><strong>The Three Pillars of the Budo World Project<\/strong><\/h5>\n<ul>\n<li>To disseminate academically supported knowledge and expertise related to <em>bud\u014d<\/em> culture in both Japanese and English.<\/li>\n<li>To build a global network that will act as a bridge between <em>bud\u014d<\/em>\u2019s techniques and knowledge. <\/li>\n<li>To keep a forum continually open that will allow people from around the world to discuss <em>bud\u014d<\/em> together at the academic level.<\/li>\n<\/ul>\n<p>In <em>Bud\u014d<\/em>, the term \u2018<em>keiko<\/em>\u2019 is used to denote training. This word first appeared in the preface of an ancient text the <em>Kojiki<\/em> with another term \u2018<em>sh\u014dkon<\/em>\u2019. Together, \u2018<em>keiko\u2013sh\u014dkon<\/em>\u2019 means \u201cto shed light on the present by considering the past.\u201d By following the three pillars of this project, I hope that we can converse and think together with the people of the world about the significance and depth of <em>bud\u014d<\/em> as a form of traditional Japanese culture developed by our predecessors, and find ways to enhance its relevance in our ever-globalising modern society.<\/p>\n<h4>Budo World Staff<\/h4>\n<div id=\"staff\">\n<table width=\"600\" border=\"0\" cellspacing=\"0\" cellpadding=\"0\">\n<tr>\n<td width=\"50\"><strong>Chief<\/strong><\/td>\n<td width=\"200\"><strong><a href=\"https:\/\/budo-world.taiiku.tsukuba.ac.jp\/\u4ee3\u8868\u30d7\u30ed\u30d5\u30a3\u30fc\u30eb\/\">Toshinobu Sakai<\/a><\/strong><\/td>\n<td width=\"350\">(University of Tsukuba)<\/td>\n<\/tr>\n<tr>\n<td>&nbsp;<\/td>\n<td><strong>Junko Oishi<\/strong><\/td>\n<td>(University of Tsukuba)<\/td>\n<\/tr>\n<tr>\n<td>&nbsp;<\/td>\n<td><strong>Tetsushi Abe<\/strong><\/td>\n<td>(Hungarian Kendo Federation)<\/td>\n<\/tr>\n<tr>\n<td>&nbsp;<\/td>\n<td><strong>Yoshitaka Karukome<\/strong><\/td>\n<td>(Tenri University)<\/td>\n<\/tr>\n<tr>\n<td>&nbsp;<\/td>\n<td><strong>Bal\u00e1zs Szab\u00f3<\/strong><\/td>\n<td>(E\u00f6tv\u00f6s Lor\u00e1nd University)<\/td>\n<\/tr>\n<\/table>\n<p><\/p>","protected":false},"excerpt":{"rendered":"<p>Bud\u014d is a traditional form of physical culture that developed in Japan. It is now practised enthusiastically b&hellip; <\/p>\n","protected":false},"author":2,"featured_media":0,"parent":0,"menu_order":0,"comment_status":"closed","ping_status":"closed","template":"","meta":{"footnotes":""},"class_list":["post-112","page","type-page","status-publish","hentry"],"_links":{"self":[{"href":"https:\/\/budo-world.taiiku.tsukuba.ac.jp\/en\/wp-json\/wp\/v2\/pages\/112","targetHints":{"allow":["GET"]}}],"collection":[{"href":"https:\/\/budo-world.taiiku.tsukuba.ac.jp\/en\/wp-json\/wp\/v2\/pages"}],"about":[{"href":"https:\/\/budo-world.taiiku.tsukuba.ac.jp\/en\/wp-json\/wp\/v2\/types\/page"}],"author":[{"embeddable":true,"href":"https:\/\/budo-world.taiiku.tsukuba.ac.jp\/en\/wp-json\/wp\/v2\/users\/2"}],"replies":[{"embeddable":true,"href":"https:\/\/budo-world.taiiku.tsukuba.ac.jp\/en\/wp-json\/wp\/v2\/comments?post=112"}],"version-history":[{"count":34,"href":"https:\/\/budo-world.taiiku.tsukuba.ac.jp\/en\/wp-json\/wp\/v2\/pages\/112\/revisions"}],"predecessor-version":[{"id":1999,"href":"https:\/\/budo-world.taiiku.tsukuba.ac.jp\/en\/wp-json\/wp\/v2\/pages\/112\/revisions\/1999"}],"wp:attachment":[{"href":"https:\/\/budo-world.taiiku.tsukuba.ac.jp\/en\/wp-json\/wp\/v2\/media?parent=112"}],"curies":[{"name":"wp","href":"https:\/\/api.w.org\/{rel}","templated":true}]}}